{"id":17,"date":"2017-10-28T14:26:00","date_gmt":"2017-10-28T14:26:00","guid":{"rendered":"http:\/\/samenkorn.org\/blog\/?page_id=17"},"modified":"2024-10-25T13:51:06","modified_gmt":"2024-10-25T11:51:06","slug":"aktiv-werden","status":"publish","type":"page","link":"https:\/\/samenkorn.org\/blog\/aktiv-werden\/","title":{"rendered":"Aktiv werden"},"content":{"rendered":"<h3>Eins\u00e4tze und Freizeiten<\/h3>\n<p>Wir f\u00fchren jedes Jahr verschiedene Arbeitseins\u00e4tze in unseren Projekten durch. Von ganz spezifischen Arbeiten, f\u00fcr die wir bestimmte Fachleute brauchen bis hin zu Arbeiten, wo jeder und jede mit anpacken kann. Nur wenn wir genug freiwillige Helfer haben, k\u00f6nnen wir auch Eins\u00e4tze durchf\u00fchren, darum suchen wir immer motivierte Menschen, die gern einmal mitfahren und sich einbringen m\u00f6chten. Es ist auch m\u00f6glich, mit der eigenen Gruppe einen Einsatz durchzuf\u00fchren, z.B. Baufreizeiten mit Jugendgruppen oder Informationsfahrten o.\u00e4.<\/p>\n<p>Mehr Informationen dazu gibt es auf Anfrage.<\/p>\n<h3>Praktikum<\/h3>\n<p>In manchen Projekten ist es m\u00f6glich ein Praktikum zu absolvieren und somit einige Monate in die Arbeit vor Ort einzusteigen und sich einzubringen. Mehr Informationen dazu bekommt man direkt bei uns. Wir vermitteln im Falle auch weiter.<\/p>\n<h3>Spenden<\/h3>\n<p>Die Menschen und ihnen zu helfen, hat f\u00fcr uns erste Priorit\u00e4t. Und doch ist das nicht ohne Geld m\u00f6glich. Unsere Arbeit finanziert sich zum gr\u00f6\u00dften Teil aus Spenden, ohne die wir unsere Arbeit nicht tun k\u00f6nnten. Spenden sind m\u00f6glich auf unser oben angegebenes Konto.<\/p>\n<h3>Gebet<\/h3>\n<p>Grundlage und Antrieb f\u00fcr unser Handeln ist Gottes Liebe, die sich in seinem Sohn Jesus Christus zu uns zeigt. Wir sind in allen Dingen auf Gottes Segen angewiesen. Darum ist es n\u00f6tig, dass Menschen f\u00fcr uns und unsere Aufgaben beten, damit wir das tun, was Gott segnen kann.<\/p>\n","protected":false},"excerpt":{"rendered":"<p>Eins\u00e4tze und Freizeiten Wir f\u00fchren jedes Jahr verschiedene Arbeitseins\u00e4tze in unseren Projekten durch. Von ganz spezifischen Arbeiten, f\u00fcr die wir bestimmte Fachleute brauchen bis hin zu Arbeiten, wo jeder und jede mit anpacken kann. Nur wenn wir genug freiwillige Helfer haben, k\u00f6nnen wir auch Eins\u00e4tze durchf\u00fchren, darum suchen wir immer motivierte Menschen, die gern einmal [&hellip;]<\/p>\n","protected":false},"author":2,"featured_media":0,"parent":0,"menu_order":2,"comment_status":"closed","ping_status":"closed","template":"","meta":{"footnotes":""},"class_list":["post-17","page","type-page","status-publish","hentry"],"_links":{"self":[{"href":"https:\/\/samenkorn.org\/blog\/wp-json\/wp\/v2\/pages\/17","targetHints":{"allow":["GET"]}}],"collection":[{"href":"https:\/\/samenkorn.org\/blog\/wp-json\/wp\/v2\/pages"}],"about":[{"href":"https:\/\/samenkorn.org\/blog\/wp-json\/wp\/v2\/types\/page"}],"author":[{"embeddable":true,"href":"https:\/\/samenkorn.org\/blog\/wp-json\/wp\/v2\/users\/2"}],"replies":[{"embeddable":true,"href":"https:\/\/samenkorn.org\/blog\/wp-json\/wp\/v2\/comments?post=17"}],"version-history":[{"count":8,"href":"https:\/\/samenkorn.org\/blog\/wp-json\/wp\/v2\/pages\/17\/revisions"}],"predecessor-version":[{"id":1877,"href":"https:\/\/samenkorn.org\/blog\/wp-json\/wp\/v2\/pages\/17\/revisions\/1877"}],"wp:attachment":[{"href":"https:\/\/samenkorn.org\/blog\/wp-json\/wp\/v2\/media?parent=17"}],"curies":[{"name":"wp","href":"https:\/\/api.w.org\/{rel}","templated":true}]}}